{"id":12382,"date":"2023-06-12T14:46:54","date_gmt":"2023-06-12T14:46:54","guid":{"rendered":"https:\/\/lacaraba.cat\/declaracion-de-accesibilidad\/"},"modified":"2023-10-16T15:39:27","modified_gmt":"2023-10-16T15:39:27","slug":"declaracion-de-accesibilidad","status":"publish","type":"page","link":"https:\/\/lacaraba.cat\/es\/declaracion-de-accesibilidad\/","title":{"rendered":"Declaraci\u00f3n de accesibilidad"},"content":{"rendered":"\n<p><strong>Serveis d\u2019Internet Javajan SL<\/strong>, se ha comprometido a hacer accesibles sus sitios web, de conformidad con el <a href=\"https:\/\/www.boe.es\/buscar\/act.php?id=BOE-A-2018-12699\"><strong>Real Decreto 1112\/2018<\/strong><\/a>, de 7 de septiembre, sobre accesibilidad de los sitios web y aplicaciones para dispositivos m\u00f3viles, por la que se traspone al ordenamiento jur\u00eddico espa\u00f1ol la <a href=\"https:\/\/eur-lex.europa.eu\/legal-content\/ES\/TXT\/?uri=uriserv:OJ.L_.2016.327.01.0001.01.SPA&amp;toc=OJ:L:2016:327:FULL\" target=\"_blank\" rel=\"noreferrer noopener\">Directiva (UE) 2016\/2102 del Parlamento Europeo y del Consejo<\/a>.<\/p>\n\n\n\n<p>La presente declaraci\u00f3n de accesibilidad se aplica a la web <a href=\"https:\/\/lacaraba.cat\/es\/\">https:\/\/lacaraba.cat\/<\/a><\/p>\n\n\n\n<h2 class=\"wp-block-heading\">Situaci\u00f3n de cumplimiento<\/h2>\n\n\n\n<p>Este sitio web es parcialmente <strong> conforme<\/strong> con el <a href=\"https:\/\/www.boe.es\/diario_boe\/txt.php?id=BOE-A-2018-12699\"><strong>RD 1112\/2018<\/strong><\/a> debido a las excepciones y falta de conformidad de los aspectos que se indican a continuaci\u00f3n.<\/p>\n\n\n\n<h2 class=\"wp-block-heading\">Contenido no accessible<\/h2>\n\n\n\n<p>El contenido que se recoge a continuaci\u00f3n no es accesible por lo siguiente:<\/p>\n\n\n\n<ol class=\"wp-block-list\">\n<li><strong>Falta de conformitat amb el&nbsp; RD 1112\/2018<\/strong>\n<ul class=\"wp-block-list\">\n<li>Debido a la automatizaci\u00f3n de algunas de las publicaciones podr\u00edan existir p\u00e1ginas con un incorrecto anidamiento de etiquetas HTML.<\/li>\n\n\n\n<li>Hay documentos en formato PDF que no cumplen con la normativa.<\/li>\n\n\n\n<li>Podr\u00eda haber errores puntuales de edici\u00f3n en alguna p\u00e1gina web.<\/li>\n<\/ul>\n<\/li>\n\n\n\n<li><strong>Carga desproporcionada<\/strong>\n<ul class=\"wp-block-list\">\n<li>No aplica.<\/li>\n<\/ul>\n<\/li>\n\n\n\n<li><strong>Contenido que no entra dentro del \u00e1mbito de la legislaci\u00f3n aplicable<\/strong>\n<ul class=\"wp-block-list\">\n<li>Archivos ofim\u00e1ticos en PDF u otros formatos, as\u00ed como aplicaciones publicadas antes del 20 de septiembre de 2018 que no cumplan totalmente todos los requisitos de accesibilidad.<\/li>\n\n\n\n<li>Contenidos multimedia en directo.<\/li>\n\n\n\n<li>Contenido multimedia pregrabado publicado antes de la entrada en vigor del Real Decreto.<\/li>\n\n\n\n<li>Servicios de mapa en l\u00ednea.<\/li>\n<\/ul>\n<\/li>\n<\/ol>\n\n\n\n<h2 class=\"wp-block-heading\">Preparaci\u00f3n de esta declaraci\u00f3n de accesibilidad<\/h2>\n\n\n\n<p>Esta declaraci\u00f3n fue preparada el 23 de febrero de 2023 y est\u00e1 basada en los informes de accesibilidad web del <a href=\"https:\/\/administracionelectronica.gob.es\/pae_Home\/pae_Estrategias\/pae_Accesibilidad.html\"><strong>Observatorio de Accesibilidad<\/strong><\/a>.<\/p>\n\n\n\n<p>La fecha de la \u00faltima revisi\u00f3n ha sido el 23 de febrero de 2023.<\/p>\n\n\n\n<h2 class=\"wp-block-heading\">Observaciones y datos de contacto<\/h2>\n\n\n\n<p>Pueden realizar <strong>comunicaciones <\/strong>sobre requisitos de accessibilidad (art\u00edculo 10.2 del RD 1112\/2018) tales como:<\/p>\n\n\n\n<ul class=\"wp-block-list\">\n<li>informar sobre cualquier posible incumplimiento por parte de este sitio web<\/li>\n\n\n\n<li>transmitir otras <strong>dificultades de acceso<\/strong> al contenido<\/li>\n\n\n\n<li>formular cualquier otra <strong>consulta o sugerencia de mejora <\/strong>relativa a la accesibilidad del sitio web.<\/li>\n<\/ul>\n\n\n\n<p>a trav\u00e9s del correo electr\u00f3nico <a href=\"mailto:info@javajan.com\">info@javajan.com<\/a> indicando en el asunto el nombre de la p\u00e1gina.<\/p>\n\n\n\n<h2 class=\"wp-block-heading\">Contendio opcional<\/h2>\n\n\n\n<p>Este sitio web:<\/p>\n\n\n\n<ul class=\"wp-block-list\">\n<li>Se ha dise\u00f1ado adapt\u00e1ndose a los est\u00e1ndares y normativas vigentes en relaci\u00f3n con la accesibilidad, cumpliendo con los puntos de verificaci\u00f3n de prioridad 2 (AA) definidos en la especificaci\u00f3n de Pautas de Accesibilidad al Contenido en la Web (WCAG 2.1) .<\/li>\n\n\n\n<li>Cumple los requisitos de la Norma <a href=\"https:\/\/administracionelectronica.gob.es\/pae_Home\/dam\/jcr:2352eaaf-2ee8-4501-a67b-bb682c6de934\/Norma_UNE-EN_301549.pdf\">UNE-EN 301549 v1.1.2:2015<\/a>, considerando las excepciones del Real Decreto 1112\/2018.<\/li>\n\n\n\n<li>Est\u00e1 dise\u00f1ado para su correcta visualizaci\u00f3n en dispositivos de escritorio, tablet y m\u00f3viles para una resoluci\u00f3n m\u00ednima de <strong>1280&#215;1024.<\/strong><\/li>\n\n\n\n<li>Se ha realizado utilizando HTML5 como lenguaje de marcado y hojas de estilo CSS 3 para el dise\u00f1o.<\/li>\n<\/ul>\n","protected":false},"excerpt":{"rendered":"<p>Serveis d\u2019Internet Javajan SL, se ha comprometido a hacer accesibles sus sitios web, de conformidad con el Real Decreto 1112\/2018, de 7 de septiembre, sobre accesibilidad de los sitios web y aplicaciones para dispositivos m\u00f3viles, por la que se traspone al ordenamiento jur\u00eddico espa\u00f1ol la Directiva (UE) 2016\/2102 del Parlamento Europeo y del Consejo. La [&hellip;]<\/p>\n","protected":false},"author":1,"featured_media":0,"parent":0,"menu_order":0,"comment_status":"closed","ping_status":"closed","template":"","meta":{"footnotes":""},"class_list":["post-12382","page","type-page","status-publish","hentry"],"yoast_head":"<!-- This site is optimized with the Yoast SEO plugin v20.13 - https:\/\/yoast.com\/wordpress\/plugins\/seo\/ -->\n<title>La Caraba - Declaraci\u00f3n d&#039;accessibilidad<\/title>\n<meta name=\"description\" content=\"La Caraba - P\u00e1gina de Declaraci\u00f3n d&#039;accessibilidad\" \/>\n<meta name=\"robots\" content=\"noindex, nofollow\" \/>\n<meta property=\"og:locale\" content=\"es_ES\" \/>\n<meta property=\"og:type\" content=\"article\" \/>\n<meta property=\"og:title\" content=\"La Caraba - Declaraci\u00f3n d&#039;accessibilidad\" \/>\n<meta property=\"og:description\" content=\"La Caraba - P\u00e1gina de Declaraci\u00f3n d&#039;accessibilidad\" \/>\n<meta property=\"og:url\" content=\"https:\/\/lacaraba.cat\/es\/declaracion-de-accesibilidad\/\" \/>\n<meta property=\"og:site_name\" content=\"La Caraba Produccions\" \/>\n<meta property=\"article:publisher\" content=\"https:\/\/www.facebook.com\/LaCarabaSL\" \/>\n<meta property=\"article:modified_time\" content=\"2023-10-16T15:39:27+00:00\" \/>\n<meta name=\"twitter:card\" content=\"summary_large_image\" \/>\n<meta name=\"twitter:site\" content=\"@LaCarabaSL\" \/>\n<meta name=\"twitter:label1\" content=\"Tiempo de lectura\" \/>\n\t<meta name=\"twitter:data1\" content=\"3 minutos\" \/>\n<script type=\"application\/ld+json\" class=\"yoast-schema-graph\">{\"@context\":\"https:\/\/schema.org\",\"@graph\":[{\"@type\":\"WebPage\",\"@id\":\"https:\/\/lacaraba.cat\/es\/declaracion-de-accesibilidad\/\",\"url\":\"https:\/\/lacaraba.cat\/es\/declaracion-de-accesibilidad\/\",\"name\":\"La Caraba - Declaraci\u00f3n d'accessibilidad\",\"isPartOf\":{\"@id\":\"https:\/\/lacaraba.cat\/#website\"},\"datePublished\":\"2023-06-12T14:46:54+00:00\",\"dateModified\":\"2023-10-16T15:39:27+00:00\",\"description\":\"La Caraba - P\u00e1gina de Declaraci\u00f3n d'accessibilidad\",\"breadcrumb\":{\"@id\":\"https:\/\/lacaraba.cat\/es\/declaracion-de-accesibilidad\/#breadcrumb\"},\"inLanguage\":\"es\",\"potentialAction\":[{\"@type\":\"ReadAction\",\"target\":[\"https:\/\/lacaraba.cat\/es\/declaracion-de-accesibilidad\/\"]}]},{\"@type\":\"BreadcrumbList\",\"@id\":\"https:\/\/lacaraba.cat\/es\/declaracion-de-accesibilidad\/#breadcrumb\",\"itemListElement\":[{\"@type\":\"ListItem\",\"position\":1,\"name\":\"Inici\",\"item\":\"https:\/\/lacaraba.cat\/es\/\"},{\"@type\":\"ListItem\",\"position\":2,\"name\":\"Declaraci\u00f3n de accesibilidad\"}]},{\"@type\":\"WebSite\",\"@id\":\"https:\/\/lacaraba.cat\/#website\",\"url\":\"https:\/\/lacaraba.cat\/\",\"name\":\"La Caraba Produccions\",\"description\":\"\",\"publisher\":{\"@id\":\"https:\/\/lacaraba.cat\/#organization\"},\"potentialAction\":[{\"@type\":\"SearchAction\",\"target\":{\"@type\":\"EntryPoint\",\"urlTemplate\":\"https:\/\/lacaraba.cat\/?s={search_term_string}\"},\"query-input\":\"required name=search_term_string\"}],\"inLanguage\":\"es\"},{\"@type\":\"Organization\",\"@id\":\"https:\/\/lacaraba.cat\/#organization\",\"name\":\"La Caraba Produccions\",\"url\":\"https:\/\/lacaraba.cat\/\",\"logo\":{\"@type\":\"ImageObject\",\"inLanguage\":\"es\",\"@id\":\"https:\/\/lacaraba.cat\/#\/schema\/logo\/image\/\",\"url\":\"https:\/\/lacaraba.cat\/wp-content\/uploads\/2023\/07\/lacaraba.jpg\",\"contentUrl\":\"https:\/\/lacaraba.cat\/wp-content\/uploads\/2023\/07\/lacaraba.jpg\",\"width\":956,\"height\":249,\"caption\":\"La Caraba Produccions\"},\"image\":{\"@id\":\"https:\/\/lacaraba.cat\/#\/schema\/logo\/image\/\"},\"sameAs\":[\"https:\/\/www.facebook.com\/LaCarabaSL\",\"https:\/\/twitter.com\/LaCarabaSL\"]}]}<\/script>\n<!-- \/ Yoast SEO plugin. -->","yoast_head_json":{"title":"La Caraba - Declaraci\u00f3n d'accessibilidad","description":"La Caraba - P\u00e1gina de Declaraci\u00f3n d'accessibilidad","robots":{"index":"noindex","follow":"nofollow"},"og_locale":"es_ES","og_type":"article","og_title":"La Caraba - Declaraci\u00f3n d'accessibilidad","og_description":"La Caraba - P\u00e1gina de Declaraci\u00f3n d'accessibilidad","og_url":"https:\/\/lacaraba.cat\/es\/declaracion-de-accesibilidad\/","og_site_name":"La Caraba Produccions","article_publisher":"https:\/\/www.facebook.com\/LaCarabaSL","article_modified_time":"2023-10-16T15:39:27+00:00","twitter_card":"summary_large_image","twitter_site":"@LaCarabaSL","twitter_misc":{"Tiempo de lectura":"3 minutos"},"schema":{"@context":"https:\/\/schema.org","@graph":[{"@type":"WebPage","@id":"https:\/\/lacaraba.cat\/es\/declaracion-de-accesibilidad\/","url":"https:\/\/lacaraba.cat\/es\/declaracion-de-accesibilidad\/","name":"La Caraba - Declaraci\u00f3n d'accessibilidad","isPartOf":{"@id":"https:\/\/lacaraba.cat\/#website"},"datePublished":"2023-06-12T14:46:54+00:00","dateModified":"2023-10-16T15:39:27+00:00","description":"La Caraba - P\u00e1gina de Declaraci\u00f3n d'accessibilidad","breadcrumb":{"@id":"https:\/\/lacaraba.cat\/es\/declaracion-de-accesibilidad\/#breadcrumb"},"inLanguage":"es","potentialAction":[{"@type":"ReadAction","target":["https:\/\/lacaraba.cat\/es\/declaracion-de-accesibilidad\/"]}]},{"@type":"BreadcrumbList","@id":"https:\/\/lacaraba.cat\/es\/declaracion-de-accesibilidad\/#breadcrumb","itemListElement":[{"@type":"ListItem","position":1,"name":"Inici","item":"https:\/\/lacaraba.cat\/es\/"},{"@type":"ListItem","position":2,"name":"Declaraci\u00f3n de accesibilidad"}]},{"@type":"WebSite","@id":"https:\/\/lacaraba.cat\/#website","url":"https:\/\/lacaraba.cat\/","name":"La Caraba Produccions","description":"","publisher":{"@id":"https:\/\/lacaraba.cat\/#organization"},"potentialAction":[{"@type":"SearchAction","target":{"@type":"EntryPoint","urlTemplate":"https:\/\/lacaraba.cat\/?s={search_term_string}"},"query-input":"required name=search_term_string"}],"inLanguage":"es"},{"@type":"Organization","@id":"https:\/\/lacaraba.cat\/#organization","name":"La Caraba Produccions","url":"https:\/\/lacaraba.cat\/","logo":{"@type":"ImageObject","inLanguage":"es","@id":"https:\/\/lacaraba.cat\/#\/schema\/logo\/image\/","url":"https:\/\/lacaraba.cat\/wp-content\/uploads\/2023\/07\/lacaraba.jpg","contentUrl":"https:\/\/lacaraba.cat\/wp-content\/uploads\/2023\/07\/lacaraba.jpg","width":956,"height":249,"caption":"La Caraba Produccions"},"image":{"@id":"https:\/\/lacaraba.cat\/#\/schema\/logo\/image\/"},"sameAs":["https:\/\/www.facebook.com\/LaCarabaSL","https:\/\/twitter.com\/LaCarabaSL"]}]}},"_links":{"self":[{"href":"https:\/\/lacaraba.cat\/es\/wp-json\/wp\/v2\/pages\/12382","targetHints":{"allow":["GET"]}}],"collection":[{"href":"https:\/\/lacaraba.cat\/es\/wp-json\/wp\/v2\/pages"}],"about":[{"href":"https:\/\/lacaraba.cat\/es\/wp-json\/wp\/v2\/types\/page"}],"author":[{"embeddable":true,"href":"https:\/\/lacaraba.cat\/es\/wp-json\/wp\/v2\/users\/1"}],"replies":[{"embeddable":true,"href":"https:\/\/lacaraba.cat\/es\/wp-json\/wp\/v2\/comments?post=12382"}],"version-history":[{"count":4,"href":"https:\/\/lacaraba.cat\/es\/wp-json\/wp\/v2\/pages\/12382\/revisions"}],"predecessor-version":[{"id":13243,"href":"https:\/\/lacaraba.cat\/es\/wp-json\/wp\/v2\/pages\/12382\/revisions\/13243"}],"wp:attachment":[{"href":"https:\/\/lacaraba.cat\/es\/wp-json\/wp\/v2\/media?parent=12382"}],"curies":[{"name":"wp","href":"https:\/\/api.w.org\/{rel}","templated":true}]}}