{"id":12388,"date":"2023-06-13T14:49:03","date_gmt":"2023-06-13T14:49:03","guid":{"rendered":"https:\/\/lacaraba.cat\/politica-de-cookies\/"},"modified":"2023-10-16T16:29:36","modified_gmt":"2023-10-16T16:29:36","slug":"politica-de-cookies","status":"publish","type":"page","link":"https:\/\/lacaraba.cat\/es\/politica-de-cookies\/","title":{"rendered":"Pol\u00edtica de cookies"},"content":{"rendered":"\n<h1 class=\"wp-block-heading\">NUESTRA POL\u00cdTICA DE COOKIES<\/h1>\n\n\n\n<h2 class=\"wp-block-heading\">INTRODUCCI\u00d3N<\/h2>\n\n\n\n<p>La web de <strong>Nombre de la empresa <\/strong> utiliza cookies propias y de terceros. Una cookie es un archivo que se descarga en su ordenador al acceder a determinadas p\u00e1ginas web. Las cookies permiten a una p\u00e1gina web, entre otras finalidades, asegurar el correcto funcionamiento de la p\u00e1gina, permitir al Usuario un acceso m\u00e1s r\u00e1pido a los servicios seleccionados, almacenar y recuperar informaci\u00f3n sobre los h\u00e1bitos de navegaci\u00f3n de un usuario o equipo e incluso, dependiendo de la informaci\u00f3n que contengan y de la forma en que utilice su equipo, pueden utilizarse para reconocer al usuario. Las cookies se asocian \u00fanicamente a un usuario an\u00f3nimo y su ordenador o dispositivo y no proporcionan referencias que permitan conocer sus datos personales., salvo permiso expreso de aqu\u00e9l<\/p>\n\n\n\n<p>.<\/p>\n\n\n\n<p>El usuario puede, en todo momento, aceptar o rechazar las cookies instaladas que no sean estrictamente necesarias para el correcto funcionamiento de la web y el acceso al Usuario a sus servicios, a trav\u00e9s del panel de ajuste de cookies proporcionado en nuestra web. Asimismo, podr\u00e1 configurar su navegador en todo momento sin que ello perjudique a la posibilidad del Usuario de acceder a los contenidos. Sin embargo, le informamos que el rechazo de las cookies puede disminuir el buen funcionamiento de la web.<\/p>\n\n\n\n<h2 class=\"wp-block-heading\">COOKIES AFECTADAS POR LA NORMATIVA Y COOKIES EXENTAS<\/h2>\n\n\n\n<p>Seg\u00fan la directiva de la UE, las cookies que requieren el consentimiento informado por parte del usuario son las cookies de anal\u00edtica, las de publicidad y afiliaci\u00f3n, quedando exceptuadas las de car\u00e1cter t\u00e9cnico y las necesarias para el funcionamiento del sitio web o la prestaci\u00f3n de servicios expresamente demandados por el usuario.<\/p>\n\n\n\n<h2 class=\"wp-block-heading\">TIPOS DE COOKIES<\/h2>\n\n\n\n<p>a) Seg\u00fan la entidad que las gestione, existen Cookies propias (aquellas que se env\u00edan al equipo terminal del usuario desde un equipo o dominio gestionado por el propio editor y desde el que se presta el servicio Solicitado por el usuario) y de terceros (las que se env\u00edan al equipo terminal del usuario desde un equipo o dominio que no es gestionado por el editor, sino por otra entidad que trata los datos obtenidos mediante los cookies).<\/p>\n\n\n\n<p>b) Seg\u00fan el tiempo que permanecen activas, est\u00e1n las de sesi\u00f3n (dise\u00f1adas para pedir y almacenar datos mientras el usuario accede a una p\u00e1gina web) y las persistentes (en las que los datos se almacenan en el terminal y pueden ser accedidos y tratados durante un per\u00edodo definido por el responsable de la cookie -puede ir de unos minutos a varios a\u00f1os-).<\/p>\n\n\n\n<p>c) Seg\u00fan la finalidad para la que tratan la informaci\u00f3n que recopilan, pueden ser:<\/p>\n\n\n\n<ul class=\"wp-block-list\">\n<li>Cookies t\u00e9cnicas (necesarias para el uso de la web y la prestaci\u00f3n del servicio contratado),<\/li>\n\n\n\n<li>Cookies de personalizaci\u00f3n (que permiten al usuario acceder al servicio con caracter\u00edsticas predefinidas, como el idioma, tipos de navegador, configuraci\u00f3n regional, etc.)<\/li>\n\n\n\n<li>Cookies de an\u00e1lisis (recogen informaci\u00f3n del uso que se realiza de la web),<\/li>\n\n\n\n<li>Cookies publicitarias (recogen informaci\u00f3n sobre las preferencias y elecciones personales de los usuarios),<\/li>\n\n\n\n<li>Cookies de afiliados (permiten realizar un seguimiento de las visitas procedentes de otras webs, con las que el sitio web establece un contrato de afiliaci\u00f3n).<\/li>\n<\/ul>\n\n\n\n<h2 class=\"wp-block-heading\">COOKIES EXENTAS: <\/h2>\n\n\n\n<p>Las que permiten \u00fanicamente la comunicaci\u00f3n entre el equipo del usuario y la red. <\/p>\n\n\n\n<p>Las estrictamente necesarias para prestar un servicio expresamente solicitado por el usuario.<\/p>\n\n\n\n<p>Asimismo, el GT29, en su Dictamen 4\/201210, ha interpretado que entre las cookies exceptuadas estar\u00edan aquellas que tienen por finalidad:<\/p>\n\n\n\n<ul class=\"wp-block-list\">\n<li>Cookies de \u201centrada del usuario\u201d (Las cookies de sesi\u00f3n y de entrada de usuario se suelen utilizar para rastrear las acciones del usuario al rellenar los formularios online en varias p\u00e1ginas, o como cesta de la compra para realizar el seguimiento de los art\u00edculos que el usuario ha seleccionado al pulsar un bot\u00f3n)<\/li>\n\n\n\n<li>Cookies de autenticaci\u00f3n o identificaci\u00f3n de usuario (\u00fanicamente de sesi\u00f3n).<\/li>\n\n\n\n<li>Cookies de seguridad del usuario (Por ejemplo, las cookies utilizadas para detectar intentos err\u00f3neos y reiterados de conexi\u00f3n a un sitio web)<\/li>\n\n\n\n<li>Cookies de sesi\u00f3n de reproductor multimedia.<\/li>\n\n\n\n<li>Cookies de sesi\u00f3n para equilibrar la carga.<\/li>\n\n\n\n<li>Cookies de personalizaci\u00f3n de la interfaz de usuario.<\/li>\n\n\n\n<li>Determinadas cookies de complemento (conector) para intercambiar contenidos Sociales (La excepci\u00f3n s\u00f3lo se aplica para usuarios que han decidido mantener la sesi\u00f3n abierta)<\/li>\n<\/ul>\n\n\n\n<h2 class=\"wp-block-heading\">TIPO DE COOKIES UTILIZADAS PARA ESTE SITIO WEB<\/h2>\n\n\n\n<figure class=\"wp-block-table\"><table><tbody><tr><td>NOMBRE<\/td><td>FINALIDAD<\/td><td>CADUCIDAD<\/td><td>TIPOS DE COOKIES<\/td><\/tr><tr><td><\/td><td><\/td><td><\/td><td><\/td><\/tr><tr><td><\/td><td><\/td><td><\/td><td><\/td><\/tr><tr><td><\/td><td><\/td><td><\/td><td><\/td><\/tr><tr><td><\/td><td><\/td><td><\/td><td><\/td><\/tr><\/tbody><\/table><\/figure>\n\n\n\n<h3 class=\"wp-block-heading\"><\/h3>\n\n\n\n<h2 class=\"wp-block-heading\">REVOCACI\u00d3N<\/h2>\n\n\n\n<p>En todo momento, el usuario podr\u00e1 acceder a la configuraci\u00f3n de su navegador aceptando o rechazando todas las cookies, o bien seleccionar aquellas que la instalaci\u00f3n admite y las que no, siguiendo uno de los siguientes procedimientos, dependiendo del navegador que utilice:<\/p>\n\n\n\n<p>Google Chrome (al Men\u00fa Herramientas):<\/p>\n\n\n\n<p>Configuraci\u00f3n&gt; Mostrar opciones avanzadas&gt; Privacidad (Configuraci\u00f3n de contenido)&gt; Cookies:<\/p>\n\n\n\n<p><a href=\"https:\/\/support.google.com\/chrome\/answer\/95647?co=genie.platform%3DDesktop&amp;hl=\u00e9s\" target=\"_blank\" rel=\"noreferrer noopener\">https:\/\/support.google.com\/chrome\/answer\/95647?co=genie.platform%3DDesktop&amp;hl=\u00e9s<\/a><\/p>\n\n\n\n<p>Microsoft Internet Explorer (en el Men\u00fa Herramientas):<\/p>\n\n\n\n<p>Opciones de Internet&gt; Privacidad&gt; Avanzada:<\/p>\n\n\n\n<p><a href=\"https:\/\/support.microsoft.com\/es-es\/windows\/eliminar-y-administrar-cookies-168dab11-0753-043d-7c16-ede5947fc64d\" target=\"_blank\" rel=\"noreferrer noopener\">https:\/\/support.microsoft.com\/es-es\/windows\/eliminar-y-administrar-cookies-168dab11-0753-043d-7c16-ede5947fc64d<\/a><\/p>\n\n\n\n<p>Firefox:<\/p>\n\n\n\n<p>Opciones&gt; Privacidad&gt; Cookies:<\/p>\n\n\n\n<p><a href=\"https:\/\/support.mozilla.org\/es\/kb\/habilitar-y-deshabilitar-cookies-sitios-web-rastrear-preferencias\" target=\"_blank\" rel=\"noreferrer noopener\">https:\/\/support.mozilla.org\/es\/kb\/habilitar-y-deshabilitar-cookies-sitios-web-rastrear-preferencias<\/a><\/p>\n\n\n\n<p>Safari, iPad y iPhone:<\/p>\n\n\n\n<p>Preferencias&gt; Privacidad<\/p>\n\n\n\n<p><a href=\"https:\/\/support.apple.com\/es-es\/HT201265\" target=\"_blank\" rel=\"noreferrer noopener\">https:\/\/support.apple.com\/es-es\/HT201265<\/a><\/p>\n\n\n\n<p>Opera:<\/p>\n\n\n\n<p>Configuraci\u00f3n&gt; Opciones&gt; Avanzada&gt; Cookies<\/p>\n\n\n\n<p><a href=\"https:\/\/help.opera.com\/en\/latest\/web-preferences\/\">https:\/\/help.opera.com\/en\/latest\/web-preferences\/<\/a><\/p>\n\n\n\n<p>Estos navegadores est\u00e1n sometidos a cambios o modificaciones, por lo que no podemos garantizar que se ajusten por completo a la versi\u00f3n de su navegador. Tambi\u00e9n puede que utilice otro navegador no contemplado en estos enlaces como Konqueror, Arora, Flock, etc. Para evitar estos desajustes, puede acceder directamente desde las opciones de su navegador, por lo general en el men\u00fa de &#8220;Opciones&#8221; en la secci\u00f3n de &#8220;Privacidad&#8221;. (Por favor, consulte la ayuda de su navegador para m\u00e1s informaci\u00f3n).<\/p>\n\n\n\n<h2 class=\"wp-block-heading\">CAMBIOS EN LA PRESENTE POL\u00cdTICA DE COOKIES<\/h2>\n\n\n\n<p><strong>Nombre de la empresa<\/strong>se reserva el derecho a modificar la presente pol\u00edtica para adaptarla a novedades legislativas o jurisprudenciales.<\/p>\n\n\n\n<h2 class=\"wp-block-heading\">DESACTIVACI\u00d3N \/ ACTIVACI\u00d3N Y ELIMINACI\u00d3N DE COOKIES<\/h2>\n\n\n\n<p>Para restringir o bloquear las cookies, se realiza a trav\u00e9s de la configuraci\u00f3n del navegador.<\/p>\n\n\n\n<p>Si no desea que los sitios web pongan ninguna cookie en su equipo, puede adaptar la configuraci\u00f3n del navegador de forma que se le notifique antes de que se coloque ninguna cookie. Del mismo modo, puede adaptar la configuraci\u00f3n de forma que el navegador rechace todas las cookies, o \u00fanicamente las cookies de terceros. Tambi\u00e9n puede eliminar cualquiera de las cookies que ya se encuentren en su equipo. Recuerde que deber\u00e1 adaptarse por separado la configuraci\u00f3n de cada navegador y equipo que utilice.<\/p>\n\n\n\n<p>Recuerde que si no desea recibir cookies, ya no podremos garantizar que nuestro sitio web funcione como es debido. Puede que algunas funciones del sitio se pierdan y es posible que ya no pueda ver ciertos sitios web. Adem\u00e1s, rechazar las cookies no significa que ya no vaya a ver anuncios publicitarios. Simplemente, los anuncios no se ajustar\u00e1n a sus intereses y se repetir\u00e1n con mayor frecuencia.<\/p>\n\n\n\n<p>Cada navegador tiene un m\u00e9todo distinto para adaptar la configuraci\u00f3n. Si es necesario, consulte la funci\u00f3n de ayuda del navegador para establecer la configuraci\u00f3n correcta.<\/p>\n\n\n\n<p>Para desactivar las cookies en el tel\u00e9fono m\u00f3vil, consulte el manual del dispositivo para obtener m\u00e1s informaci\u00f3n.<\/p>\n\n\n\n<p>Puede obtener m\u00e1s informaci\u00f3n sobre las cookies en Internet, <a href=\"https:\/\/www.aboutcookies.org\/\" target=\"_blank\" rel=\"noreferrer noopener\">https:\/\/www.aboutcookies.org\/<\/a>.<\/p>\n\n\n\n<p>Teniendo en cuenta la forma en que funcionan Internet y los sitios web, no siempre contamos con informaci\u00f3n de las cookies que colocan terceras partes a trav\u00e9s de nuestro sitio web. Esto se aplica especialmente a casos en los que la p\u00e1gina web contiene lo que se denominan elementos integrados: textos, documentos, im\u00e1genes o breves pel\u00edculas que se almacenan en otra parte, pero se muestran en nuestro sitio web o mediante \u00e9ste .<\/p>\n\n\n\n<p>Por tanto, en caso de que se encuentre con este tipo de cookies en este sitio web y no est\u00e9n enumeradas en la lista anterior, le rogamos que nos lo comunique. O bien p\u00f3ngase en contacto directamente con el tercero para pedirle informaci\u00f3n sobre las cookies que instala, la finalidad y la duraci\u00f3n de la cookie, y c\u00f3mo ha garantizado su privacidad.<\/p>\n\n\n\n<h2 class=\"wp-block-heading\">INFORMACI\u00d3N RELACIONADA CON EL TRATAMIENTO DE DATOS PERSONALES (ART.13 RGPD)<\/h2>\n\n\n\n<p><strong>\u00bfQui\u00e9n es el responsable del tratamiento de sus datos personales?<\/strong><\/p>\n\n\n\n<p><strong>Nombre de la empresa<\/strong> es el responsable del tratamiento de los datos personales que usted nos proporciona, situado en <strong>Direcci\u00f3n postal<\/strong> y con <strong>CIF\/NIF<\/strong> <strong>XXXXXX<\/strong>, Tel\u00e9fono <strong>XXXXX<\/strong> y email de contacto <strong>correo@empresa.com<\/strong> <\/p>\n\n\n\n<p><strong>\u00bfPara qu\u00e9 utilizamos sus datos personales?<\/strong><\/p>\n\n\n\n<p>La informaci\u00f3n recopilada a trav\u00e9s de las cookies propias (cookies de sesi\u00f3n y de entrada de usuario) se suelen utilizar para rastrear las acciones del usuario al rellenar los formularios online en varias p\u00e1ginas, o como cesta de la compra para realizar el seguimiento de los art\u00edculos que el usuario ha seleccionado al pulsar un bot\u00f3n, o para personalizar la interfaz del usuario al visitar la p\u00e1gina web.<\/p>\n\n\n\n<p>La informaci\u00f3n recopilada a trav\u00e9s de las cookies de terceros es la siguiente: <\/p>\n\n\n\n<ul class=\"wp-block-list\">\n<li>A trav\u00e9s de las cookies anal\u00edticas, se analizan sus h\u00e1bitos de navegaci\u00f3n para mejorar los servicios prestados; <\/li>\n\n\n\n<li>A trav\u00e9s de las cookies comportamentales se recoge informaci\u00f3n sobre las preferencias del usuario para gestionar los espacios publicitarios de la forma m\u00e1s eficaz posible; y <\/li>\n\n\n\n<li>A trav\u00e9s de las cookies publicitarias se mide el rendimiento de los anuncios y se proporcionan recomendaciones relativas a productos basados en datos estad\u00edsticos.<\/li>\n<\/ul>\n\n\n\n<p>Para ver exactamente el uso de las cookies vea el cuadro sobre el uso de las cookies en esta web.<\/p>\n\n\n\n<p><strong>\u00bfCu\u00e1l es la base legal para el tratamiento de sus datos personales?<\/strong><\/p>\n\n\n\n<p>La legitimaci\u00f3n para el tratamiento de sus datos personales est\u00e1 definida por su consentimiento, otorgado en el momento de ponerse en contacto con nosotros, para la utilizaci\u00f3n de cookies anal\u00edticas, comportamentales y publicitarias; para las cookies de sesi\u00f3n o personalizaci\u00f3n, la legitimaci\u00f3n para el tratamiento est\u00e1 definida por el inter\u00e9s leg\u00edtimo del prestamista (responsable del tratamiento).<\/p>\n\n\n\n<p><strong>\u00bfA qui\u00e9n comunicamos sus datos?<\/strong><\/p>\n\n\n\n<p>No se ceder\u00e1n ni comunicar\u00e1n datos a terceros, salvo por obligaci\u00f3n legal oa los terceros indicados en el caso de uso de cookies gestionadas por \u00e9stos. <\/p>\n\n\n\n<p><strong>\u00bfCu\u00e1l es el plazo de conservaci\u00f3n de sus datos?<\/strong><\/p>\n\n\n\n<p>El plazo de conservaci\u00f3n de los datos recogidos est\u00e1 el indicado en el cuadro sobre el uso de cookies en esta web.<\/p>\n\n\n\n<p><strong>\u00bfCu\u00e1les son sus derechos?<\/strong><\/p>\n\n\n\n<p>Los derechos que amparan al usuario son los de acceso, rectificaci\u00f3n, supresi\u00f3n, portabilidad de \u00e9stos, retirada del consentimiento (sin que esto afecte a la licitud del tratamiento otorgado previamente a su retirada), oposici\u00f3n al tratamiento, limitaci\u00f3n (en determinadas circunstancias) ya presentar una reclamaci\u00f3n ante la autoridad de control (la Agencia Espa\u00f1ola de protecci\u00f3n de datos, <a href=\"https:\/\/www.aepd.es\" target=\"_blank\" rel=\"noreferrer noopener\">www.aepd.es<\/a>).<\/p>\n","protected":false},"excerpt":{"rendered":"<p>NUESTRA POL\u00cdTICA DE COOKIES INTRODUCCI\u00d3N La web de Nombre de la empresa utiliza cookies propias y de terceros. Una cookie es un archivo que se descarga en su ordenador al acceder a determinadas p\u00e1ginas web. Las cookies permiten a una p\u00e1gina web, entre otras finalidades, asegurar el correcto funcionamiento de la p\u00e1gina, permitir al Usuario [&hellip;]<\/p>\n","protected":false},"author":1,"featured_media":0,"parent":0,"menu_order":0,"comment_status":"closed","ping_status":"closed","template":"","meta":{"footnotes":""},"class_list":["post-12388","page","type-page","status-publish","hentry"],"yoast_head":"<!-- This site is optimized with the Yoast SEO plugin v20.13 - https:\/\/yoast.com\/wordpress\/plugins\/seo\/ -->\n<title>La Caraba - Nuestra pol\u00edtica de cookies<\/title>\n<meta name=\"description\" content=\"La Caraba - P\u00e1gina de nuestra Pol\u00edtica de cookies\" \/>\n<meta name=\"robots\" content=\"noindex, nofollow\" \/>\n<meta property=\"og:locale\" content=\"es_ES\" \/>\n<meta property=\"og:type\" content=\"article\" \/>\n<meta property=\"og:title\" content=\"La Caraba - Nuestra pol\u00edtica de cookies\" \/>\n<meta property=\"og:description\" content=\"La Caraba - P\u00e1gina de nuestra Pol\u00edtica de cookies\" \/>\n<meta property=\"og:url\" content=\"https:\/\/lacaraba.cat\/es\/politica-de-cookies\/\" \/>\n<meta property=\"og:site_name\" content=\"La Caraba Produccions\" \/>\n<meta property=\"article:publisher\" content=\"https:\/\/www.facebook.com\/LaCarabaSL\" \/>\n<meta property=\"article:modified_time\" content=\"2023-10-16T16:29:36+00:00\" \/>\n<meta name=\"twitter:card\" content=\"summary_large_image\" \/>\n<meta name=\"twitter:site\" content=\"@LaCarabaSL\" \/>\n<meta name=\"twitter:label1\" content=\"Tiempo de lectura\" \/>\n\t<meta name=\"twitter:data1\" content=\"10 minutos\" \/>\n<script type=\"application\/ld+json\" class=\"yoast-schema-graph\">{\"@context\":\"https:\/\/schema.org\",\"@graph\":[{\"@type\":\"WebPage\",\"@id\":\"https:\/\/lacaraba.cat\/es\/politica-de-cookies\/\",\"url\":\"https:\/\/lacaraba.cat\/es\/politica-de-cookies\/\",\"name\":\"La Caraba - Nuestra pol\u00edtica de cookies\",\"isPartOf\":{\"@id\":\"https:\/\/lacaraba.cat\/#website\"},\"datePublished\":\"2023-06-13T14:49:03+00:00\",\"dateModified\":\"2023-10-16T16:29:36+00:00\",\"description\":\"La Caraba - P\u00e1gina de nuestra Pol\u00edtica de cookies\",\"breadcrumb\":{\"@id\":\"https:\/\/lacaraba.cat\/es\/politica-de-cookies\/#breadcrumb\"},\"inLanguage\":\"es\",\"potentialAction\":[{\"@type\":\"ReadAction\",\"target\":[\"https:\/\/lacaraba.cat\/es\/politica-de-cookies\/\"]}]},{\"@type\":\"BreadcrumbList\",\"@id\":\"https:\/\/lacaraba.cat\/es\/politica-de-cookies\/#breadcrumb\",\"itemListElement\":[{\"@type\":\"ListItem\",\"position\":1,\"name\":\"Inici\",\"item\":\"https:\/\/lacaraba.cat\/es\/\"},{\"@type\":\"ListItem\",\"position\":2,\"name\":\"Pol\u00edtica de cookies\"}]},{\"@type\":\"WebSite\",\"@id\":\"https:\/\/lacaraba.cat\/#website\",\"url\":\"https:\/\/lacaraba.cat\/\",\"name\":\"La Caraba Produccions\",\"description\":\"\",\"publisher\":{\"@id\":\"https:\/\/lacaraba.cat\/#organization\"},\"potentialAction\":[{\"@type\":\"SearchAction\",\"target\":{\"@type\":\"EntryPoint\",\"urlTemplate\":\"https:\/\/lacaraba.cat\/?s={search_term_string}\"},\"query-input\":\"required name=search_term_string\"}],\"inLanguage\":\"es\"},{\"@type\":\"Organization\",\"@id\":\"https:\/\/lacaraba.cat\/#organization\",\"name\":\"La Caraba Produccions\",\"url\":\"https:\/\/lacaraba.cat\/\",\"logo\":{\"@type\":\"ImageObject\",\"inLanguage\":\"es\",\"@id\":\"https:\/\/lacaraba.cat\/#\/schema\/logo\/image\/\",\"url\":\"https:\/\/lacaraba.cat\/wp-content\/uploads\/2023\/07\/lacaraba.jpg\",\"contentUrl\":\"https:\/\/lacaraba.cat\/wp-content\/uploads\/2023\/07\/lacaraba.jpg\",\"width\":956,\"height\":249,\"caption\":\"La Caraba Produccions\"},\"image\":{\"@id\":\"https:\/\/lacaraba.cat\/#\/schema\/logo\/image\/\"},\"sameAs\":[\"https:\/\/www.facebook.com\/LaCarabaSL\",\"https:\/\/twitter.com\/LaCarabaSL\"]}]}<\/script>\n<!-- \/ Yoast SEO plugin. -->","yoast_head_json":{"title":"La Caraba - Nuestra pol\u00edtica de cookies","description":"La Caraba - P\u00e1gina de nuestra Pol\u00edtica de cookies","robots":{"index":"noindex","follow":"nofollow"},"og_locale":"es_ES","og_type":"article","og_title":"La Caraba - Nuestra pol\u00edtica de cookies","og_description":"La Caraba - P\u00e1gina de nuestra Pol\u00edtica de cookies","og_url":"https:\/\/lacaraba.cat\/es\/politica-de-cookies\/","og_site_name":"La Caraba Produccions","article_publisher":"https:\/\/www.facebook.com\/LaCarabaSL","article_modified_time":"2023-10-16T16:29:36+00:00","twitter_card":"summary_large_image","twitter_site":"@LaCarabaSL","twitter_misc":{"Tiempo de lectura":"10 minutos"},"schema":{"@context":"https:\/\/schema.org","@graph":[{"@type":"WebPage","@id":"https:\/\/lacaraba.cat\/es\/politica-de-cookies\/","url":"https:\/\/lacaraba.cat\/es\/politica-de-cookies\/","name":"La Caraba - Nuestra pol\u00edtica de cookies","isPartOf":{"@id":"https:\/\/lacaraba.cat\/#website"},"datePublished":"2023-06-13T14:49:03+00:00","dateModified":"2023-10-16T16:29:36+00:00","description":"La Caraba - P\u00e1gina de nuestra Pol\u00edtica de cookies","breadcrumb":{"@id":"https:\/\/lacaraba.cat\/es\/politica-de-cookies\/#breadcrumb"},"inLanguage":"es","potentialAction":[{"@type":"ReadAction","target":["https:\/\/lacaraba.cat\/es\/politica-de-cookies\/"]}]},{"@type":"BreadcrumbList","@id":"https:\/\/lacaraba.cat\/es\/politica-de-cookies\/#breadcrumb","itemListElement":[{"@type":"ListItem","position":1,"name":"Inici","item":"https:\/\/lacaraba.cat\/es\/"},{"@type":"ListItem","position":2,"name":"Pol\u00edtica de cookies"}]},{"@type":"WebSite","@id":"https:\/\/lacaraba.cat\/#website","url":"https:\/\/lacaraba.cat\/","name":"La Caraba Produccions","description":"","publisher":{"@id":"https:\/\/lacaraba.cat\/#organization"},"potentialAction":[{"@type":"SearchAction","target":{"@type":"EntryPoint","urlTemplate":"https:\/\/lacaraba.cat\/?s={search_term_string}"},"query-input":"required name=search_term_string"}],"inLanguage":"es"},{"@type":"Organization","@id":"https:\/\/lacaraba.cat\/#organization","name":"La Caraba Produccions","url":"https:\/\/lacaraba.cat\/","logo":{"@type":"ImageObject","inLanguage":"es","@id":"https:\/\/lacaraba.cat\/#\/schema\/logo\/image\/","url":"https:\/\/lacaraba.cat\/wp-content\/uploads\/2023\/07\/lacaraba.jpg","contentUrl":"https:\/\/lacaraba.cat\/wp-content\/uploads\/2023\/07\/lacaraba.jpg","width":956,"height":249,"caption":"La Caraba Produccions"},"image":{"@id":"https:\/\/lacaraba.cat\/#\/schema\/logo\/image\/"},"sameAs":["https:\/\/www.facebook.com\/LaCarabaSL","https:\/\/twitter.com\/LaCarabaSL"]}]}},"_links":{"self":[{"href":"https:\/\/lacaraba.cat\/es\/wp-json\/wp\/v2\/pages\/12388","targetHints":{"allow":["GET"]}}],"collection":[{"href":"https:\/\/lacaraba.cat\/es\/wp-json\/wp\/v2\/pages"}],"about":[{"href":"https:\/\/lacaraba.cat\/es\/wp-json\/wp\/v2\/types\/page"}],"author":[{"embeddable":true,"href":"https:\/\/lacaraba.cat\/es\/wp-json\/wp\/v2\/users\/1"}],"replies":[{"embeddable":true,"href":"https:\/\/lacaraba.cat\/es\/wp-json\/wp\/v2\/comments?post=12388"}],"version-history":[{"count":6,"href":"https:\/\/lacaraba.cat\/es\/wp-json\/wp\/v2\/pages\/12388\/revisions"}],"predecessor-version":[{"id":13277,"href":"https:\/\/lacaraba.cat\/es\/wp-json\/wp\/v2\/pages\/12388\/revisions\/13277"}],"wp:attachment":[{"href":"https:\/\/lacaraba.cat\/es\/wp-json\/wp\/v2\/media?parent=12388"}],"curies":[{"name":"wp","href":"https:\/\/api.w.org\/{rel}","templated":true}]}}